{"id":2005,"date":"2019-10-17T10:58:37","date_gmt":"2019-10-17T14:58:37","guid":{"rendered":"https:\/\/lynevaliquette.ca\/?page_id=2005"},"modified":"2019-10-17T10:58:39","modified_gmt":"2019-10-17T14:58:39","slug":"hausvalet","status":"publish","type":"page","link":"https:\/\/lynevaliquette.com\/en\/outils\/hausvalet\/","title":{"rendered":"Hausvalet"},"content":{"rendered":"\n<figure class=\"wp-block-image\"><img loading=\"lazy\" decoding=\"async\" width=\"1024\" height=\"538\" src=\"https:\/\/lynevaliquette.ca\/files\/2019\/10\/hausvalet_Pub_Facebook-1024x538.png\" alt=\"\" class=\"wp-image-2006\" srcset=\"https:\/\/lynevaliquette.com\/files\/2019\/10\/hausvalet_Pub_Facebook-1024x538.png 1024w, https:\/\/lynevaliquette.com\/files\/2019\/10\/hausvalet_Pub_Facebook-300x158.png 300w, https:\/\/lynevaliquette.com\/files\/2019\/10\/hausvalet_Pub_Facebook-768x403.png 768w, https:\/\/lynevaliquette.com\/files\/2019\/10\/hausvalet_Pub_Facebook.png 1200w\" sizes=\"auto, (max-width: 1024px) 100vw, 1024px\" \/><\/figure>\n\n\n\n<p>Nous sommes maintenant fiers de compter sur Hausvalet pour mettre de l&#8217;avant votre propri\u00e9t\u00e9 lors de sa mise en vente.<\/p>\n\n\n\n<p>Nous sommes toujours \u00e0 l&#8217;aff\u00fbt des derni\u00e8res tendances et outils disponibles sur le march\u00e9 pour permettre de mieux vous repr\u00e9senter et ainsi r\u00e9colter de meilleurs r\u00e9sultats.<\/p>\n\n\n\n<p>Si vous \u00eates un acheteur, ce service s&#8217;adresse aussi \u00e0 vous, car nous pourrons pr\u00e9visiter des maisons gr\u00e2ce \u00e0 la r\u00e9alit\u00e9 virtuelle!<\/p>\n\n\n\n<p>Apprenez-en plus avec ce reportage de Radio-Canada<\/p>\n\n\n\n<figure class=\"wp-block-image\"><a href=\"https:\/\/ici.exploratv.ca\/videos\/2497-video-planete-techno-hausvalet\/\" target=\"_blank\" rel=\"noreferrer noopener\"><img loading=\"lazy\" decoding=\"async\" width=\"1024\" height=\"575\" src=\"https:\/\/lynevaliquette.ca\/files\/2019\/10\/hausvalet-1024x575.jpg\" alt=\"\" class=\"wp-image-2007\" srcset=\"https:\/\/lynevaliquette.com\/files\/2019\/10\/hausvalet-1024x575.jpg 1024w, https:\/\/lynevaliquette.com\/files\/2019\/10\/hausvalet-300x168.jpg 300w, https:\/\/lynevaliquette.com\/files\/2019\/10\/hausvalet-768x431.jpg 768w, https:\/\/lynevaliquette.com\/files\/2019\/10\/hausvalet.jpg 1039w\" sizes=\"auto, (max-width: 1024px) 100vw, 1024px\" \/><\/a><\/figure>\n","protected":false},"excerpt":{"rendered":"<p>Nous sommes maintenant fiers de compter sur Hausvalet pour mettre de l&#8217;avant votre propri\u00e9t\u00e9 lors de sa mise en vente. Nous sommes toujours \u00e0 l&#8217;aff\u00fbt des derni\u00e8res tendances et outils disponibles sur le march\u00e9 pour permettre de mieux vous repr\u00e9senter et ainsi r\u00e9colter de meilleurs r\u00e9sultats. Si vous \u00eates un acheteur, ce service s&#8217;adresse aussi [&hellip;]<\/p>\n","protected":false},"author":121,"featured_media":0,"parent":226,"menu_order":0,"comment_status":"closed","ping_status":"closed","template":"","meta":{"_acf_changed":false,"footnotes":""},"class_list":["post-2005","page","type-page","status-publish","hentry"],"acf":[],"yoast_head":"<!-- This site is optimized with the Yoast SEO plugin v26.7 - https:\/\/yoast.com\/wordpress\/plugins\/seo\/ -->\n<title>Hausvalet - LYNE VALIQUETTE<\/title>\n<meta name=\"robots\" content=\"index, follow, max-snippet:-1, max-image-preview:large, max-video-preview:-1\" \/>\n<link rel=\"canonical\" href=\"https:\/\/lynevaliquette.com\/outils\/hausvalet\/\" \/>\n<meta property=\"og:locale\" content=\"en_US\" \/>\n<meta property=\"og:type\" content=\"article\" \/>\n<meta property=\"og:title\" content=\"Hausvalet - LYNE VALIQUETTE\" \/>\n<meta property=\"og:description\" content=\"Nous sommes maintenant fiers de compter sur Hausvalet pour mettre de l&#8217;avant votre propri\u00e9t\u00e9 lors de sa mise en vente. Nous sommes toujours \u00e0 l&#8217;aff\u00fbt des derni\u00e8res tendances et outils disponibles sur le march\u00e9 pour permettre de mieux vous repr\u00e9senter et ainsi r\u00e9colter de meilleurs r\u00e9sultats. Si vous \u00eates un acheteur, ce service s&#8217;adresse aussi [&hellip;]\" \/>\n<meta property=\"og:url\" content=\"https:\/\/lynevaliquette.com\/outils\/hausvalet\/\" \/>\n<meta property=\"og:site_name\" content=\"LYNE VALIQUETTE\" \/>\n<meta property=\"article:publisher\" content=\"https:\/\/www.facebook.com\/LyneValiquetteCourtier\/\" \/>\n<meta property=\"article:modified_time\" content=\"2019-10-17T14:58:39+00:00\" \/>\n<meta property=\"og:image\" content=\"https:\/\/lynevaliquette.ca\/files\/2019\/10\/hausvalet_Pub_Facebook-1024x538.png\" \/>\n<meta name=\"twitter:card\" content=\"summary_large_image\" \/>\n<script type=\"application\/ld+json\" class=\"yoast-schema-graph\">{\"@context\":\"https:\/\/schema.org\",\"@graph\":[{\"@type\":\"WebPage\",\"@id\":\"https:\/\/lynevaliquette.com\/outils\/hausvalet\/\",\"url\":\"https:\/\/lynevaliquette.com\/outils\/hausvalet\/\",\"name\":\"Hausvalet - LYNE VALIQUETTE\",\"isPartOf\":{\"@id\":\"https:\/\/lynevaliquette.com\/en\/#website\"},\"primaryImageOfPage\":{\"@id\":\"https:\/\/lynevaliquette.com\/outils\/hausvalet\/#primaryimage\"},\"image\":{\"@id\":\"https:\/\/lynevaliquette.com\/outils\/hausvalet\/#primaryimage\"},\"thumbnailUrl\":\"https:\/\/lynevaliquette.ca\/files\/2019\/10\/hausvalet_Pub_Facebook-1024x538.png\",\"datePublished\":\"2019-10-17T14:58:37+00:00\",\"dateModified\":\"2019-10-17T14:58:39+00:00\",\"breadcrumb\":{\"@id\":\"https:\/\/lynevaliquette.com\/outils\/hausvalet\/#breadcrumb\"},\"inLanguage\":\"en-US\",\"potentialAction\":[{\"@type\":\"ReadAction\",\"target\":[\"https:\/\/lynevaliquette.com\/outils\/hausvalet\/\"]}]},{\"@type\":\"ImageObject\",\"inLanguage\":\"en-US\",\"@id\":\"https:\/\/lynevaliquette.com\/outils\/hausvalet\/#primaryimage\",\"url\":\"https:\/\/lynevaliquette.ca\/files\/2019\/10\/hausvalet_Pub_Facebook-1024x538.png\",\"contentUrl\":\"https:\/\/lynevaliquette.ca\/files\/2019\/10\/hausvalet_Pub_Facebook-1024x538.png\"},{\"@type\":\"BreadcrumbList\",\"@id\":\"https:\/\/lynevaliquette.com\/outils\/hausvalet\/#breadcrumb\",\"itemListElement\":[{\"@type\":\"ListItem\",\"position\":1,\"name\":\"Accueil\",\"item\":\"https:\/\/lynevaliquette.com\/en\/\"},{\"@type\":\"ListItem\",\"position\":2,\"name\":\"Outils\",\"item\":\"https:\/\/lynevaliquette.com\/outils\/\"},{\"@type\":\"ListItem\",\"position\":3,\"name\":\"Hausvalet\"}]},{\"@type\":\"WebSite\",\"@id\":\"https:\/\/lynevaliquette.com\/en\/#website\",\"url\":\"https:\/\/lynevaliquette.com\/en\/\",\"name\":\"LYNE VALIQUETTE\",\"description\":\"Real Estate Broker\",\"potentialAction\":[{\"@type\":\"SearchAction\",\"target\":{\"@type\":\"EntryPoint\",\"urlTemplate\":\"https:\/\/lynevaliquette.com\/en\/?s={search_term_string}\"},\"query-input\":{\"@type\":\"PropertyValueSpecification\",\"valueRequired\":true,\"valueName\":\"search_term_string\"}}],\"inLanguage\":\"en-US\"}]}<\/script>\n<!-- \/ Yoast SEO plugin. -->","yoast_head_json":{"title":"Hausvalet - LYNE VALIQUETTE","robots":{"index":"index","follow":"follow","max-snippet":"max-snippet:-1","max-image-preview":"max-image-preview:large","max-video-preview":"max-video-preview:-1"},"canonical":"https:\/\/lynevaliquette.com\/outils\/hausvalet\/","og_locale":"en_US","og_type":"article","og_title":"Hausvalet - LYNE VALIQUETTE","og_description":"Nous sommes maintenant fiers de compter sur Hausvalet pour mettre de l&#8217;avant votre propri\u00e9t\u00e9 lors de sa mise en vente. Nous sommes toujours \u00e0 l&#8217;aff\u00fbt des derni\u00e8res tendances et outils disponibles sur le march\u00e9 pour permettre de mieux vous repr\u00e9senter et ainsi r\u00e9colter de meilleurs r\u00e9sultats. Si vous \u00eates un acheteur, ce service s&#8217;adresse aussi [&hellip;]","og_url":"https:\/\/lynevaliquette.com\/outils\/hausvalet\/","og_site_name":"LYNE VALIQUETTE","article_publisher":"https:\/\/www.facebook.com\/LyneValiquetteCourtier\/","article_modified_time":"2019-10-17T14:58:39+00:00","og_image":[{"url":"https:\/\/lynevaliquette.ca\/files\/2019\/10\/hausvalet_Pub_Facebook-1024x538.png","type":"","width":"","height":""}],"twitter_card":"summary_large_image","schema":{"@context":"https:\/\/schema.org","@graph":[{"@type":"WebPage","@id":"https:\/\/lynevaliquette.com\/outils\/hausvalet\/","url":"https:\/\/lynevaliquette.com\/outils\/hausvalet\/","name":"Hausvalet - LYNE VALIQUETTE","isPartOf":{"@id":"https:\/\/lynevaliquette.com\/en\/#website"},"primaryImageOfPage":{"@id":"https:\/\/lynevaliquette.com\/outils\/hausvalet\/#primaryimage"},"image":{"@id":"https:\/\/lynevaliquette.com\/outils\/hausvalet\/#primaryimage"},"thumbnailUrl":"https:\/\/lynevaliquette.ca\/files\/2019\/10\/hausvalet_Pub_Facebook-1024x538.png","datePublished":"2019-10-17T14:58:37+00:00","dateModified":"2019-10-17T14:58:39+00:00","breadcrumb":{"@id":"https:\/\/lynevaliquette.com\/outils\/hausvalet\/#breadcrumb"},"inLanguage":"en-US","potentialAction":[{"@type":"ReadAction","target":["https:\/\/lynevaliquette.com\/outils\/hausvalet\/"]}]},{"@type":"ImageObject","inLanguage":"en-US","@id":"https:\/\/lynevaliquette.com\/outils\/hausvalet\/#primaryimage","url":"https:\/\/lynevaliquette.ca\/files\/2019\/10\/hausvalet_Pub_Facebook-1024x538.png","contentUrl":"https:\/\/lynevaliquette.ca\/files\/2019\/10\/hausvalet_Pub_Facebook-1024x538.png"},{"@type":"BreadcrumbList","@id":"https:\/\/lynevaliquette.com\/outils\/hausvalet\/#breadcrumb","itemListElement":[{"@type":"ListItem","position":1,"name":"Accueil","item":"https:\/\/lynevaliquette.com\/en\/"},{"@type":"ListItem","position":2,"name":"Outils","item":"https:\/\/lynevaliquette.com\/outils\/"},{"@type":"ListItem","position":3,"name":"Hausvalet"}]},{"@type":"WebSite","@id":"https:\/\/lynevaliquette.com\/en\/#website","url":"https:\/\/lynevaliquette.com\/en\/","name":"LYNE VALIQUETTE","description":"Real Estate Broker","potentialAction":[{"@type":"SearchAction","target":{"@type":"EntryPoint","urlTemplate":"https:\/\/lynevaliquette.com\/en\/?s={search_term_string}"},"query-input":{"@type":"PropertyValueSpecification","valueRequired":true,"valueName":"search_term_string"}}],"inLanguage":"en-US"}]}},"_links":{"self":[{"href":"https:\/\/lynevaliquette.com\/en\/wp-json\/wp\/v2\/pages\/2005","targetHints":{"allow":["GET"]}}],"collection":[{"href":"https:\/\/lynevaliquette.com\/en\/wp-json\/wp\/v2\/pages"}],"about":[{"href":"https:\/\/lynevaliquette.com\/en\/wp-json\/wp\/v2\/types\/page"}],"author":[{"embeddable":true,"href":"https:\/\/lynevaliquette.com\/en\/wp-json\/wp\/v2\/users\/121"}],"replies":[{"embeddable":true,"href":"https:\/\/lynevaliquette.com\/en\/wp-json\/wp\/v2\/comments?post=2005"}],"version-history":[{"count":1,"href":"https:\/\/lynevaliquette.com\/en\/wp-json\/wp\/v2\/pages\/2005\/revisions"}],"predecessor-version":[{"id":2008,"href":"https:\/\/lynevaliquette.com\/en\/wp-json\/wp\/v2\/pages\/2005\/revisions\/2008"}],"up":[{"embeddable":true,"href":"https:\/\/lynevaliquette.com\/en\/wp-json\/wp\/v2\/pages\/226"}],"wp:attachment":[{"href":"https:\/\/lynevaliquette.com\/en\/wp-json\/wp\/v2\/media?parent=2005"}],"curies":[{"name":"wp","href":"https:\/\/api.w.org\/{rel}","templated":true}]}}